{"id":39,"date":"2013-05-22T17:05:11","date_gmt":"2013-05-22T17:05:11","guid":{"rendered":"http:\/\/centrojadranbar.me\/cjadran\/?page_id=39"},"modified":"2021-06-01T09:04:02","modified_gmt":"2021-06-01T09:04:02","slug":"pocetna","status":"publish","type":"page","link":"http:\/\/centrojadranbar.me\/cjadran\/","title":{"rendered":"Po\u010detna"},"content":{"rendered":"\n<figure class=\"wp-block-embed is-type-video is-provider-vimeo wp-block-embed-vimeo wp-embed-aspect-16-9 wp-has-aspect-ratio\"><div class=\"wp-block-embed__wrapper\">\n<iframe loading=\"lazy\" title=\"1621964059971.mp4\" src=\"https:\/\/player.vimeo.com\/video\/557501018?dnt=1&amp;app_id=122963\" width=\"640\" height=\"360\" frameborder=\"0\" allow=\"autoplay; fullscreen; picture-in-picture\" allowfullscreen><\/iframe>\n<\/div><\/figure>\n\n\n<p style=\"text-align: justify;\">Akcionarsko dru\u0161tvo \u201cCentrojadran\u201d Bar je pocelo sa radom kao RO Centrojadran\u201d u sastavu SOUR \u201cCentroprom\u201d Beogad. Preduzece se sastojalo od tri osnovne organizacije udru\u017eenog rada (veleprodaje i dvije maloprodaje). Transformacijom SOUR Centroprom\u201d 1990. godine formirana su tri trgovacka preduzeca, od kojih je maja 1992. godine TP \u201cBar\u201d transformisano u dionicarsko dru\u0161tvo u mje\u0161ovitoj svojini DD \u201cCentrojadran\u201d Bar. U skladu sa Zakonom o privrednim dru\u0161tvima akcionarsko dru\u0161tvo \u201cCentrojadran\u201d Bar registrovano je u Centralnom registru privrednog suda u Podgorici 12.08.2002. godine pod registarskim brojem 4-0002443\/001. Osnovna djelatnost Dru\u0161tva je trgovina na veliko, trgovina na malo, vr\u0161enje usluga uskladi\u0161tenja i utovara i istovara roba. Dru\u0161tvo djelatnost obavlja u skladi\u0161tu u Luci Bar povr\u0161ine 3.750 m2 i regalnom magacinu povr\u0161ine 5.964 m2.<\/p>","protected":false},"excerpt":{"rendered":"<p>Akcionarsko dru\u0161tvo \u201cCentrojadran\u201d Bar je pocelo sa radom kao RO Centrojadran\u201d u sastavu SOUR \u201cCentroprom\u201d Beogad. Preduzece se sastojalo od tri osnovne organizacije udru\u017eenog rada (veleprodaje i dvije maloprodaje). Transformacijom SOUR Centroprom\u201d 1990. godine formirana su tri trgovacka preduzeca, od kojih je maja 1992. godine TP \u201cBar\u201d transformisano u dionicarsko dru\u0161tvo u mje\u0161ovitoj svojini DD [&hellip;]<\/p>\n<div class=\"read-more\"><a href=\"http:\/\/centrojadranbar.me\/cjadran\/\" class=\"btn btn-primary btn-lg\">Read More<\/a><\/div>\n","protected":false},"author":1,"featured_media":0,"parent":0,"menu_order":0,"comment_status":"closed","ping_status":"closed","template":"","meta":[],"_links":{"self":[{"href":"http:\/\/centrojadranbar.me\/cjadran\/index.php?rest_route=\/wp\/v2\/pages\/39"}],"collection":[{"href":"http:\/\/centrojadranbar.me\/cjadran\/index.php?rest_route=\/wp\/v2\/pages"}],"about":[{"href":"http:\/\/centrojadranbar.me\/cjadran\/index.php?rest_route=\/wp\/v2\/types\/page"}],"author":[{"embeddable":true,"href":"http:\/\/centrojadranbar.me\/cjadran\/index.php?rest_route=\/wp\/v2\/users\/1"}],"replies":[{"embeddable":true,"href":"http:\/\/centrojadranbar.me\/cjadran\/index.php?rest_route=%2Fwp%2Fv2%2Fcomments&post=39"}],"version-history":[{"count":8,"href":"http:\/\/centrojadranbar.me\/cjadran\/index.php?rest_route=\/wp\/v2\/pages\/39\/revisions"}],"predecessor-version":[{"id":306,"href":"http:\/\/centrojadranbar.me\/cjadran\/index.php?rest_route=\/wp\/v2\/pages\/39\/revisions\/306"}],"wp:attachment":[{"href":"http:\/\/centrojadranbar.me\/cjadran\/index.php?rest_route=%2Fwp%2Fv2%2Fmedia&parent=39"}],"curies":[{"name":"wp","href":"https:\/\/api.w.org\/{rel}","templated":true}]}}