{"id":69,"date":"2014-03-01T09:16:55","date_gmt":"2014-03-01T09:16:55","guid":{"rendered":"http:\/\/centrojadranbar.me\/cjadran\/?page_id=69"},"modified":"2021-06-01T09:12:51","modified_gmt":"2021-06-01T09:12:51","slug":"o-nama","status":"publish","type":"page","link":"http:\/\/centrojadranbar.me\/cjadran\/?page_id=69","title":{"rendered":"O nama"},"content":{"rendered":"<p>AD Centrojadran Bar je akcionarsko dru\u0161tvo u mjesovitoj svojini.&nbsp; Registrovano je za trgovinu na veliko i malo, skladistenje , transport roba, carinsko skladiste i ostale usluge vezane za promet robe.&nbsp; Dru\u0161tvo je prepoznato kao pouzdan partner, ima zavidnu poziciju na poslovnom tr\u017ei\u0161tu&nbsp; i ve\u0107 godinama ostvaruje pozitivne poslovne rezultate i dobit.<\/p>\n<p>U svom vlasni\u0161tvu ima tri objekta i to:<\/p>\n<p>I Distributivni centar<\/p>\n<p>II Klasicno skladiste<\/p>\n<p>III Montazna hala<\/p>\n<p><u>Distributivni centar<\/u>&nbsp; &#8211; bulevar JNA br. 4 (kod dru\u017enog toka) , iz kojeg se odvija promet roba i pru\u017eaju usluge skladi\u0161tenja i to:<\/p>\n<ul>\n<li>hladnja\u010da kapaciteta cca 1000 tona sa re\u017eimom \u00b1 27\u00baC \u2013 dio registrovan kao carinsko skladi\u0161te<\/li>\n<li>regalno skladi\u0161te<\/li>\n<li>carinsko skladi\u0161te (otvoreno i zatvoreno)<\/li>\n<li>maloprodajni objekat Diskont<\/li>\n<li>sopstveni transport (vozila, vilju\u0161kari)<\/li>\n<li>kancelarijski prostor koji ima posebni ulaz i nalazi se na I i II spratu.<\/li>\n<\/ul>\n<p>Skladi\u0161te je podijeljeno na dvije zone regalno, regalno&nbsp; (visina regala 9 m) i slobodan skladi\u0161ni prostor sa galerijom od 900m2.<\/p>\n<p>Regalno skladi\u0161te, suvi skladi\u0161tni prostor i hladnja\u010da registovani su kao carinsko skladi\u0161te tipa A sa garancijom za poslovanje istog deponovanom kod Uprave Carine CG kao i rje\u0161enjem nadle\u017enih organa za hladnja\u010du i ispunjavanje uslova za promet i skladi\u0161tenje roba.<\/p>\n<p>Hladnja\u010da se sastoji od 5 velikih i 5 malih komora. Velike komore su kapaciteta po 250-300 tona, re\u017eim hla\u0111enja -27 C. Male komore su kapaciteta po 25 tona , re\u017eim hla\u0111enja 0 do +8 C (odr\u017eavanje).<\/p>\n<p>Povr\u0161ina objekta u osnovi je&nbsp; 6000 m2 a dvori\u0161te je ure\u0111eno saobra\u0107ajnicama za kru\u017eni tok oko objekta.<\/p>\n<p>Klasi\u010dno skladi\u0161te<strong>&nbsp;<\/strong>se nalazi u Luci Bar, u Slobodnoj zoni Luke Bar, ukupne povr\u0161ine 4000 m2 sa prizemljem i \u010detiri sprata, u osnovi oko 770 m2. Skladi\u0161te je opremljeno sa dva teretna lifta i vilju\u0161karom i kancelarijom sa telefonskom linijom. Povr\u0161ina dvori\u0161ta je oko 130 m2. Sa obje strane objekta nalaze se industrijski kolosjeci. U ovom skladi\u0161tu mogu\u0107e je obavljati sve djelatnosti predvi\u0111ene za slobodne zone i to: skladi\u0161tenje, obrada, dorada, prerada roba, kupovina i prodaja roba, bankarstvo, osiguranje i sl.<\/p>\n<p>Posebna povoljnost je da je uvoz u zonu svih vrsta robe oslobodjen pla\u0107anja carine.<\/p>\n<p style=\"text-align: left;\">\n","protected":false},"excerpt":{"rendered":"<p>AD Centrojadran Bar je akcionarsko dru\u0161tvo u mjesovitoj svojini.&nbsp; Registrovano je za trgovinu na veliko i malo, skladistenje , transport roba, carinsko skladiste i ostale usluge vezane za promet robe.&nbsp; Dru\u0161tvo je prepoznato kao pouzdan partner, ima zavidnu poziciju na poslovnom tr\u017ei\u0161tu&nbsp; i ve\u0107 godinama ostvaruje pozitivne poslovne rezultate i dobit. U svom vlasni\u0161tvu ima [&hellip;]<\/p>\n<div class=\"read-more\"><a href=\"http:\/\/centrojadranbar.me\/cjadran\/?page_id=69\" class=\"btn btn-primary btn-lg\">Read More<\/a><\/div>\n","protected":false},"author":1,"featured_media":0,"parent":0,"menu_order":0,"comment_status":"closed","ping_status":"closed","template":"","meta":[],"_links":{"self":[{"href":"http:\/\/centrojadranbar.me\/cjadran\/index.php?rest_route=\/wp\/v2\/pages\/69"}],"collection":[{"href":"http:\/\/centrojadranbar.me\/cjadran\/index.php?rest_route=\/wp\/v2\/pages"}],"about":[{"href":"http:\/\/centrojadranbar.me\/cjadran\/index.php?rest_route=\/wp\/v2\/types\/page"}],"author":[{"embeddable":true,"href":"http:\/\/centrojadranbar.me\/cjadran\/index.php?rest_route=\/wp\/v2\/users\/1"}],"replies":[{"embeddable":true,"href":"http:\/\/centrojadranbar.me\/cjadran\/index.php?rest_route=%2Fwp%2Fv2%2Fcomments&post=69"}],"version-history":[{"count":6,"href":"http:\/\/centrojadranbar.me\/cjadran\/index.php?rest_route=\/wp\/v2\/pages\/69\/revisions"}],"predecessor-version":[{"id":315,"href":"http:\/\/centrojadranbar.me\/cjadran\/index.php?rest_route=\/wp\/v2\/pages\/69\/revisions\/315"}],"wp:attachment":[{"href":"http:\/\/centrojadranbar.me\/cjadran\/index.php?rest_route=%2Fwp%2Fv2%2Fmedia&parent=69"}],"curies":[{"name":"wp","href":"https:\/\/api.w.org\/{rel}","templated":true}]}}