{"id":76,"date":"2014-03-01T09:22:42","date_gmt":"2014-03-01T09:22:42","guid":{"rendered":"http:\/\/centrojadranbar.me\/cjadran\/?page_id=76"},"modified":"2014-03-01T09:28:36","modified_gmt":"2014-03-01T09:28:36","slug":"djelatnost","status":"publish","type":"page","link":"http:\/\/centrojadranbar.me\/cjadran\/?page_id=76","title":{"rendered":"Djelatnost"},"content":{"rendered":"<p><span style=\"font-family: Arial, sans-serif;\">AD \u201cCentrojadran\u201d Bar je ackionarsko drustvo u mje\u0161ivot svojini. <\/span><\/p>\n<p><span style=\"font-family: Arial, sans-serif;\">Registrovano je za trgovinu na veliko i malo, skladi\u0161tenje, transport roba, carinsko skladi\u0161te i ostale usluge vezane za promet roba.\u00a0<\/span><\/p>\n<p><span style=\"font-family: Arial, sans-serif;\">U sastavu Dru\u0161tva je i Diskont pi\u0107a gdje se obavlja promet roba na malo. <\/span><\/p>\n<p>&nbsp;<\/p>\n","protected":false},"excerpt":{"rendered":"<p>AD \u201cCentrojadran\u201d Bar je ackionarsko drustvo u mje\u0161ivot svojini. Registrovano je za trgovinu na veliko i malo, skladi\u0161tenje, transport roba, carinsko skladi\u0161te i ostale usluge vezane za promet roba.\u00a0 U sastavu Dru\u0161tva je i Diskont pi\u0107a gdje se obavlja promet roba na malo. &nbsp;<\/p>\n","protected":false},"author":1,"featured_media":0,"parent":0,"menu_order":0,"comment_status":"closed","ping_status":"closed","template":"","meta":[],"_links":{"self":[{"href":"http:\/\/centrojadranbar.me\/cjadran\/index.php?rest_route=\/wp\/v2\/pages\/76"}],"collection":[{"href":"http:\/\/centrojadranbar.me\/cjadran\/index.php?rest_route=\/wp\/v2\/pages"}],"about":[{"href":"http:\/\/centrojadranbar.me\/cjadran\/index.php?rest_route=\/wp\/v2\/types\/page"}],"author":[{"embeddable":true,"href":"http:\/\/centrojadranbar.me\/cjadran\/index.php?rest_route=\/wp\/v2\/users\/1"}],"replies":[{"embeddable":true,"href":"http:\/\/centrojadranbar.me\/cjadran\/index.php?rest_route=%2Fwp%2Fv2%2Fcomments&post=76"}],"version-history":[{"count":3,"href":"http:\/\/centrojadranbar.me\/cjadran\/index.php?rest_route=\/wp\/v2\/pages\/76\/revisions"}],"predecessor-version":[{"id":83,"href":"http:\/\/centrojadranbar.me\/cjadran\/index.php?rest_route=\/wp\/v2\/pages\/76\/revisions\/83"}],"wp:attachment":[{"href":"http:\/\/centrojadranbar.me\/cjadran\/index.php?rest_route=%2Fwp%2Fv2%2Fmedia&parent=76"}],"curies":[{"name":"wp","href":"https:\/\/api.w.org\/{rel}","templated":true}]}}