{"id":84,"date":"2014-03-01T09:28:53","date_gmt":"2014-03-01T09:28:53","guid":{"rendered":"http:\/\/centrojadranbar.me\/cjadran\/?page_id=84"},"modified":"2021-06-01T09:19:09","modified_gmt":"2021-06-01T09:19:09","slug":"kontakt","status":"publish","type":"page","link":"http:\/\/centrojadranbar.me\/cjadran\/?page_id=84","title":{"rendered":"Kontakt"},"content":{"rendered":"<p>AD Centrojadran Bar ima izuzetno povoljan geografski polo\u017eaj. Klasicno skladiste se nalazi u slobodnoj zoni Luke Bar a regalno skladiste udaljeno oko 300 m od Luke Bar. Neposredan izlaz na prugu Bar- Beograd i drumske saobra\u0107ajnice \u010dine velike povoljnosti i u\u0161tede\u00a0 u procesu transporta i skladi\u0161tenja roba. Dru\u0161tvo posjeduje i vozni park koji zahvaljuju\u0107i dobrom geografskom polo\u017eaju i drumskim vezama sa svim zemljama regiona omogu\u0107ava brzu i efikasnu isporuku robe.<\/p>\n<p><strong>AD Centrojadran Bar<\/strong><\/p>\n<p>Adresa: ul. JNA br. 4<\/p>\n<p>85000 Bar, Crna Gora<\/p>\n<p>Tel\/fax: 00382\/30-346-341<\/p>\n<p>00382\/30-346-346<\/p>\n<p>centrojadran@t-com.me<\/p>\n<style type=\"text\/css\" id=\"gmpMapStyles_1_45250\">\r\n\t#google_map_easy_1_45250 {\r\n        width: 100%;\r\n        height: 250px;\r\n\t\t\t\t\t\t    }\r\n\t#gmapControlsNum_1_45250 {\r\n\t\twidth:100%\t}\r\n\t.gmpMapDetailsContainer#gmpMapDetailsContainer_1_45250 {\r\n\t\theight:250px;\r\n\t}\r\n\t.gmp_MapPreview#google_map_easy_1_45250 {\r\n\t\t\/*position:absolute;*\/\r\n\t\twidth: 100%;\r\n\t}\r\n\t#mapConElem_1_45250{\r\n\t\twidth: 100%\t}\r\n    .gm-style .gm-style-iw-c{\r\n        padding: 12px!important;\r\n    }\r\n\t    <\/style> <div class=\"gmp_map_opts\" id=\"mapConElem_1_45250\" data-id=\"1\" data-view-id=\"1_45250\" > <div class=\"gmpMapDetailsContainer\" id=\"gmpMapDetailsContainer_1_45250\"> <i class=\"gmpKMLLayersPreloader fa fa-spinner fa-spin\" aria-hidden=\"true\" style=\"display: none;\"><\/i> <div class=\"gmp_MapPreview \" id=\"google_map_easy_1_45250\"><\/div> <\/div> <div class=\"gmpMapMarkerFilters\" id=\"gmpMapMarkerFilters_1_45250\"> <\/div> <div class=\"gmpMapProControlsCon\" id=\"gmpMapProControlsCon_1_45250\"> <\/div> <div class=\"gmpMapProDirectionsCon\" id=\"gmpMapProDirectionsCon_1_45250\" > <\/div> <div class=\"gmpMapProKmlFilterCon\" id=\"gmpMapProKmlFilterCon_1_45250\" > <\/div> <div class=\"gmpSocialSharingShell gmpSocialSharingShell_1_45250\"> <\/div> <div style=\"clear: both;\"><\/div> <\/div> \n","protected":false},"excerpt":{"rendered":"<p>AD Centrojadran Bar ima izuzetno povoljan geografski polo\u017eaj. Klasicno skladiste se nalazi u slobodnoj zoni Luke Bar a regalno skladiste udaljeno oko 300 m od Luke Bar. Neposredan izlaz na prugu Bar- Beograd i drumske saobra\u0107ajnice \u010dine velike povoljnosti i u\u0161tede\u00a0 u procesu transporta i skladi\u0161tenja roba. Dru\u0161tvo posjeduje i vozni park koji zahvaljuju\u0107i dobrom [&hellip;]<\/p>\n<div class=\"read-more\"><a href=\"http:\/\/centrojadranbar.me\/cjadran\/?page_id=84\" class=\"btn btn-primary btn-lg\">Read More<\/a><\/div>\n","protected":false},"author":1,"featured_media":0,"parent":0,"menu_order":0,"comment_status":"closed","ping_status":"closed","template":"","meta":[],"_links":{"self":[{"href":"http:\/\/centrojadranbar.me\/cjadran\/index.php?rest_route=\/wp\/v2\/pages\/84"}],"collection":[{"href":"http:\/\/centrojadranbar.me\/cjadran\/index.php?rest_route=\/wp\/v2\/pages"}],"about":[{"href":"http:\/\/centrojadranbar.me\/cjadran\/index.php?rest_route=\/wp\/v2\/types\/page"}],"author":[{"embeddable":true,"href":"http:\/\/centrojadranbar.me\/cjadran\/index.php?rest_route=\/wp\/v2\/users\/1"}],"replies":[{"embeddable":true,"href":"http:\/\/centrojadranbar.me\/cjadran\/index.php?rest_route=%2Fwp%2Fv2%2Fcomments&post=84"}],"version-history":[{"count":12,"href":"http:\/\/centrojadranbar.me\/cjadran\/index.php?rest_route=\/wp\/v2\/pages\/84\/revisions"}],"predecessor-version":[{"id":319,"href":"http:\/\/centrojadranbar.me\/cjadran\/index.php?rest_route=\/wp\/v2\/pages\/84\/revisions\/319"}],"wp:attachment":[{"href":"http:\/\/centrojadranbar.me\/cjadran\/index.php?rest_route=%2Fwp%2Fv2%2Fmedia&parent=84"}],"curies":[{"name":"wp","href":"https:\/\/api.w.org\/{rel}","templated":true}]}}